{"id":7747,"date":"2023-07-05T09:42:05","date_gmt":"2023-07-05T07:42:05","guid":{"rendered":"https:\/\/oes.fundacion-sm.org\/?page_id=7747"},"modified":"2024-02-15T07:52:11","modified_gmt":"2024-02-15T06:52:11","slug":"condicoes-de-uso","status":"publish","type":"page","link":"https:\/\/oes.fundacion-sm.org\/pt-br\/condicoes-de-uso\/","title":{"rendered":"Condi\u00e7\u00f5es de uso"},"content":{"rendered":"\t\t<div data-elementor-type=\"wp-page\" data-elementor-id=\"7747\" class=\"elementor elementor-7747 elementor-17\" data-elementor-post-type=\"page\">\n\t\t\t\t\t\t<section class=\"elementor-section elementor-top-section elementor-element elementor-element-79ba5e7 elementor-section-full_width elementor-section-height-default elementor-section-height-default\" data-id=\"79ba5e7\" data-element_type=\"section\">\n\t\t\t\t\t\t<div class=\"elementor-container elementor-column-gap-default\">\n\t\t\t\t\t<div class=\"elementor-column elementor-col-100 elementor-top-column elementor-element elementor-element-e3da607\" data-id=\"e3da607\" data-element_type=\"column\">\n\t\t\t<div class=\"elementor-widget-wrap elementor-element-populated\">\n\t\t\t\t\t\t<div class=\"elementor-element elementor-element-addc244 elementor-widget elementor-widget-bloque-cabecera-menu\" data-id=\"addc244\" data-element_type=\"widget\" data-widget_type=\"bloque-cabecera-menu.default\">\n\t\t\t\t<div class=\"elementor-widget-container\">\n\t\t\t\t\t<header class=\"header normal\">\n    <div id=\"sticky_header\" class=\"no-sticky\">\n        <div class=\"container\">\n            <div class=\"row\">\n                <div class=\"col-12 d-flex justify-content-between align-items-end\">\n                    <div class=\"logo \">\n                        <a href=\"https:\/\/oes.fundacion-sm.org\/pt-br\/\" class=\"custom-logo-link\" rel=\"home\"><img decoding=\"async\" width=\"319\" height=\"90\" src=\"https:\/\/oes.fundacion-sm.org\/wp-content\/uploads\/sites\/14\/2023\/08\/logo-OES-portugues-3.svg\" class=\"custom-logo\" alt=\"Observat\u00f3rio da escola na Ibero-Am\u00e9rica (OES)\" \/><\/a>                                            <\/div>\n                    <div class=\"menu-header\">\n                                                <div id=\"nav-menu\" data-target=\"#main_menu\" data-toggle=\"collapse\" class=\"navbar-toggle openMenu\">\n                          <span><\/span>\n                          <span><\/span>\n                          <span><\/span>\n                          <span><\/span>\n                        <\/div>\n                        \n                                                    <!-- MEGAMENU -->\n                            <div class=\"megamenu\">\n                                <div class=\"container\">\n                                    <div id=\"cerrarmenu\" class=\"boton-cerrar\"><i class=\"fal fa-times\"><\/i><\/div>\n                                    <ul id=\"menu-principal-portugues-brasil\" class=\"list-group list-group-horizontal\" itemscope itemtype=\"http:\/\/www.schema.org\/SiteNavigationElement\"><li  id=\"menu-item-9328\" class=\"menu-item menu-item-type-post_type menu-item-object-page menu-item-9328 nav-item\"><a itemprop=\"url\" href=\"https:\/\/oes.fundacion-sm.org\/pt-br\/quem-somos\/\" class=\"nav-link\"><span itemprop=\"name\">Quem somos<\/span><\/a><\/li>\n<li  id=\"menu-item-9329\" class=\"menu-item menu-item-type-taxonomy menu-item-object-category menu-item-9329 nav-item\"><a itemprop=\"url\" href=\"https:\/\/oes.fundacion-sm.org\/pt-br\/noticias\/\" class=\"nav-link\"><span itemprop=\"name\">Not\u00edcias<\/span><\/a><\/li>\n<li  id=\"menu-item-9330\" class=\"menu-item menu-item-type-post_type menu-item-object-page menu-item-9330 nav-item\"><a itemprop=\"url\" href=\"https:\/\/oes.fundacion-sm.org\/pt-br\/eduforics\/\" class=\"nav-link\"><span itemprop=\"name\">EDUforics<\/span><\/a><\/li>\n<li  id=\"menu-item-9332\" class=\"menu-item menu-item-type-taxonomy menu-item-object-category menu-item-9332 nav-item\"><a itemprop=\"url\" href=\"https:\/\/oes.fundacion-sm.org\/pt-br\/investigacao-oes\/\" class=\"nav-link\"><span itemprop=\"name\">Investiga\u00e7\u00e3o OES<\/span><\/a><\/li>\n<li  id=\"menu-item-9333\" class=\"menu-item menu-item-type-taxonomy menu-item-object-category menu-item-9333 nav-item\"><a itemprop=\"url\" href=\"https:\/\/oes.fundacion-sm.org\/pt-br\/publicacoes\/\" class=\"nav-link\"><span itemprop=\"name\">Publica\u00e7\u00f5es<\/span><\/a><\/li>\n<li  id=\"menu-item-wpml-ls-11-es\" class=\"menu-item wpml-ls-slot-11 wpml-ls-item wpml-ls-item-es wpml-ls-menu-item wpml-ls-first-item wpml-ls-last-item menu-item-type-wpml_ls_menu_item menu-item-object-wpml_ls_menu_item menu-item-wpml-ls-11-es nav-item\"><a title=\"Mudar para Espa\u00f1ol\" itemprop=\"url\" href=\"https:\/\/oes.fundacion-sm.org\/\" class=\"nav-link\" aria-label=\"Mudar para Espa\u00f1ol\" role=\"menuitem\"><span itemprop=\"name\"><span class=\"wpml-ls-native\" lang=\"es\">Espa\u00f1ol<\/span><\/span><\/a><\/li>\n<\/ul>                                <\/div>\n                            <\/div>\n                        \n                        \n                                                <div class=\"btn-header\" id=\"openSearch\" title=\"Procurar\">\n                            <i class=\"far fa-search\"><\/i>\n                            <i class=\"fal fa-times hidden\"><\/i>\n                        <\/div>\n                                                \n<div class=\"wpml-ls-statics-shortcode_actions wpml-ls wpml-ls-legacy-list-horizontal\">\n\t<ul role=\"menu\"><li class=\"wpml-ls-slot-shortcode_actions wpml-ls-item wpml-ls-item-es wpml-ls-first-item wpml-ls-last-item wpml-ls-item-legacy-list-horizontal\" role=\"none\">\n\t\t\t\t<a href=\"https:\/\/oes.fundacion-sm.org\/\" class=\"wpml-ls-link\" role=\"menuitem\"  aria-label=\"Mudar para Espa\u00f1ol\" title=\"Mudar para Espa\u00f1ol\" >\n                    <span class=\"wpml-ls-native\" lang=\"es\">Espa\u00f1ol<\/span><\/a>\n\t\t\t<\/li><\/ul>\n<\/div>\n                    <\/div>\n                <\/div>\n            <\/div>    \n        <\/div>\n                <div class=\"buscador-modal\">\n            <div class=\"container\">\n                <form action=\"https:\/\/oes.fundacion-sm.org\/pt-br\/\" method=\"get\">\n                    <div class=\"input-group\">\n                      <input type=\"text\" name=\"s\" id=\"s\" class=\"form-control\" placeholder=\"O que voc\u00ea est\u00e1 buscando?\">\n                      <div class=\"input-group-append\">\n                        <button class=\"btn btn-outline-secondary\" type=\"submit\" title=\"Buscar\" aria-label=\"Buscar\"><i class=\"far fa-search\"><\/i><\/button>\n                      <\/div>\n                    <\/div>\n                <\/form>\n            <\/div>\n        <\/div>\n            <\/div>\n<\/header>\t\t\t\t<\/div>\n\t\t\t\t<\/div>\n\t\t\t\t<div class=\"elementor-element elementor-element-ac5348c elementor-widget elementor-widget-bloque-cabecera-texto\" data-id=\"ac5348c\" data-element_type=\"widget\" data-widget_type=\"bloque-cabecera-texto.default\">\n\t\t\t\t<div class=\"elementor-widget-container\">\n\t\t\t\t\t<!-- Texto cabecera texto-->\n<div class=\"ruta-de-migas\">\n    <div class=\"container\">\n            <div data-aos=\"fade-right\" data-aos-duration=\"700\"><ol class=\"breadcrumb\"><li><a href=\"https:\/\/oes.fundacion-sm.org\/pt-br\/\">Inicio<\/a><\/li><\/ol><\/div>        <\/div>\n<\/div>\n<section class=\"bloque bloque-cabecera-texto \">\n    <div class=\"container\">\n        <h1 class=\"titulos\" data-aos=\"fade-left\" data-aos-duration=\"700\">Condi\u00e7\u00f5es de uso<\/h1>    <\/div>\n<\/section>\t\t\t\t<\/div>\n\t\t\t\t<\/div>\n\t\t\t\t<div class=\"elementor-element elementor-element-a6e3460 elementor-widget elementor-widget-bloque-texto\" data-id=\"a6e3460\" data-element_type=\"widget\" data-widget_type=\"bloque-texto.default\">\n\t\t\t\t<div class=\"elementor-widget-container\">\n\t\t\t\t\t<!-- Texto -->\n<section class=\"bloque bloque-texto  \">\n    <div class=\"container\">\n        <div class=\"estrecho2\">\n            \n            <div class=\"row\">\n                <div class=\"col-sm-12\">\n                    <div class=\"the_content\" data-aos=\"fade-up\" data-aos-duration=\"700\">\n                        <p><script id=\"admindpo\" src=\"https:\/\/admindpo.grupo-sm.com\/dpoclient_v2.min.js\" data-baseurl=\"https:\/\/admindpo.grupo-sm.com\" data-sitename=\"ms-fundacion-oes\" data-document-type=\"use-conditions\" data-language=\"pt\"><\/script><\/p>\n                    <\/div>\n                <\/div>\n            <\/div>\n        <\/div>\n    <\/div>\n<\/section>\t\t\t\t<\/div>\n\t\t\t\t<\/div>\n\t\t\t\t\t<\/div>\n\t\t<\/div>\n\t\t\t\t\t<\/div>\n\t\t<\/section>\n\t\t\t\t<\/div>\n\t\t","protected":false},"excerpt":{"rendered":"<p>Nosotros Not\u00edcias Eduforics Chaves para reflex\u00e3o Investiga\u00e7\u00e3o OES Publica\u00e7\u00f5es Espa\u00f1ol Inicio Condi\u00e7\u00f5es de uso<\/p>\n","protected":false},"author":1,"featured_media":0,"parent":0,"menu_order":5,"comment_status":"closed","ping_status":"closed","template":"","meta":{"_acf_changed":false,"footnotes":""},"class_list":["post-7747","page","type-page","status-publish","hentry"],"acf":[],"yoast_head":"<!-- This site is optimized with the Yoast SEO plugin v26.7 - https:\/\/yoast.com\/wordpress\/plugins\/seo\/ -->\n<title>Condi\u00e7\u00f5es de uso - Observat\u00f3rio da escola na Ibero-Am\u00e9rica (OES)<\/title>\n<meta name=\"description\" content=\"Nosotros  Not\u00edcias  Eduforics  Chaves para reflex\u00e3o  Investiga\u00e7\u00e3o OES  Publica\u00e7\u00f5es   Espa\u00f1ol    Inicio  Condi\u00e7\u00f5es de uso\" \/>\n<meta name=\"robots\" content=\"noindex, nofollow\" \/>\n<meta property=\"og:locale\" content=\"pt_BR\" \/>\n<meta property=\"og:type\" content=\"article\" \/>\n<meta property=\"og:title\" content=\"Condi\u00e7\u00f5es de uso - Observat\u00f3rio da escola na Ibero-Am\u00e9rica (OES)\" \/>\n<meta property=\"og:description\" content=\"Nosotros  Not\u00edcias  Eduforics  Chaves para reflex\u00e3o  Investiga\u00e7\u00e3o OES  Publica\u00e7\u00f5es   Espa\u00f1ol    Inicio  Condi\u00e7\u00f5es de uso\" \/>\n<meta property=\"og:url\" content=\"https:\/\/oes.fundacion-sm.org\/pt-br\/condicoes-de-uso\/\" \/>\n<meta property=\"og:site_name\" content=\"Observat\u00f3rio da escola na Ibero-Am\u00e9rica (OES)\" \/>\n<meta property=\"article:modified_time\" content=\"2024-02-15T06:52:11+00:00\" \/>\n<meta property=\"og:image\" content=\"https:\/\/oes.fundacion-sm.org\/wp-content\/uploads\/sites\/14\/2023\/08\/oes-logo-portugues.svg\" \/>\n<meta name=\"twitter:card\" content=\"summary_large_image\" \/>\n<meta name=\"twitter:label1\" content=\"Est. tempo de leitura\" \/>\n\t<meta name=\"twitter:data1\" content=\"1 minuto\" \/>\n<script type=\"application\/ld+json\" class=\"yoast-schema-graph\">{\"@context\":\"https:\/\/schema.org\",\"@graph\":[{\"@type\":\"WebPage\",\"@id\":\"https:\/\/oes.fundacion-sm.org\/pt-br\/condicoes-de-uso\/\",\"url\":\"https:\/\/oes.fundacion-sm.org\/pt-br\/condicoes-de-uso\/\",\"name\":\"Condi\u00e7\u00f5es de uso - Observat\u00f3rio da escola na Ibero-Am\u00e9rica (OES)\",\"isPartOf\":{\"@id\":\"https:\/\/oes.fundacion-sm.org\/pt-br\/#website\"},\"primaryImageOfPage\":{\"@id\":\"https:\/\/oes.fundacion-sm.org\/pt-br\/condicoes-de-uso\/#primaryimage\"},\"image\":{\"@id\":\"https:\/\/oes.fundacion-sm.org\/pt-br\/condicoes-de-uso\/#primaryimage\"},\"thumbnailUrl\":\"https:\/\/oes.fundacion-sm.org\/wp-content\/uploads\/sites\/14\/2023\/08\/oes-logo-portugues.svg\",\"datePublished\":\"2023-07-05T07:42:05+00:00\",\"dateModified\":\"2024-02-15T06:52:11+00:00\",\"description\":\"Nosotros Not\u00edcias Eduforics Chaves para reflex\u00e3o Investiga\u00e7\u00e3o OES Publica\u00e7\u00f5es Espa\u00f1ol Inicio Condi\u00e7\u00f5es de uso\",\"breadcrumb\":{\"@id\":\"https:\/\/oes.fundacion-sm.org\/pt-br\/condicoes-de-uso\/#breadcrumb\"},\"inLanguage\":\"pt-BR\",\"potentialAction\":[{\"@type\":\"ReadAction\",\"target\":[\"https:\/\/oes.fundacion-sm.org\/pt-br\/condicoes-de-uso\/\"]}]},{\"@type\":\"ImageObject\",\"inLanguage\":\"pt-BR\",\"@id\":\"https:\/\/oes.fundacion-sm.org\/pt-br\/condicoes-de-uso\/#primaryimage\",\"url\":\"https:\/\/oes.fundacion-sm.org\/wp-content\/uploads\/sites\/14\/2023\/08\/oes-logo-portugues.svg\",\"contentUrl\":\"https:\/\/oes.fundacion-sm.org\/wp-content\/uploads\/sites\/14\/2023\/08\/oes-logo-portugues.svg\"},{\"@type\":\"BreadcrumbList\",\"@id\":\"https:\/\/oes.fundacion-sm.org\/pt-br\/condicoes-de-uso\/#breadcrumb\",\"itemListElement\":[{\"@type\":\"ListItem\",\"position\":1,\"name\":\"Inicio\",\"item\":\"https:\/\/oes.fundacion-sm.org\/pt-br\/\"},{\"@type\":\"ListItem\",\"position\":2,\"name\":\"Condi\u00e7\u00f5es de uso\"}]},{\"@type\":\"WebSite\",\"@id\":\"https:\/\/oes.fundacion-sm.org\/pt-br\/#website\",\"url\":\"https:\/\/oes.fundacion-sm.org\/pt-br\/\",\"name\":\"Observat\u00f3rio da escola na Ibero-Am\u00e9rica (OES)\",\"description\":\"Funda\u00e7\u00e3o SM\",\"publisher\":{\"@id\":\"https:\/\/oes.fundacion-sm.org\/pt-br\/#organization\"},\"alternateName\":\"OES\",\"potentialAction\":[{\"@type\":\"SearchAction\",\"target\":{\"@type\":\"EntryPoint\",\"urlTemplate\":\"https:\/\/oes.fundacion-sm.org\/pt-br\/?s={search_term_string}\"},\"query-input\":{\"@type\":\"PropertyValueSpecification\",\"valueRequired\":true,\"valueName\":\"search_term_string\"}}],\"inLanguage\":\"pt-BR\"},{\"@type\":\"Organization\",\"@id\":\"https:\/\/oes.fundacion-sm.org\/pt-br\/#organization\",\"name\":\"Fundaci\u00f3n SM\",\"url\":\"https:\/\/oes.fundacion-sm.org\/pt-br\/\",\"logo\":{\"@type\":\"ImageObject\",\"inLanguage\":\"pt-BR\",\"@id\":\"https:\/\/oes.fundacion-sm.org\/pt-br\/#\/schema\/logo\/image\/\",\"url\":\"https:\/\/oes.fundacion-sm.org\/wp-content\/uploads\/sites\/14\/2023\/10\/logotipo-fundacion-sm.png\",\"contentUrl\":\"https:\/\/oes.fundacion-sm.org\/wp-content\/uploads\/sites\/14\/2023\/10\/logotipo-fundacion-sm.png\",\"width\":447,\"height\":85,\"caption\":\"Fundaci\u00f3n SM\"},\"image\":{\"@id\":\"https:\/\/oes.fundacion-sm.org\/pt-br\/#\/schema\/logo\/image\/\"}}]}<\/script>\n<!-- \/ Yoast SEO plugin. -->","yoast_head_json":{"title":"Condi\u00e7\u00f5es de uso - Observat\u00f3rio da escola na Ibero-Am\u00e9rica (OES)","description":"Nosotros  Not\u00edcias  Eduforics  Chaves para reflex\u00e3o  Investiga\u00e7\u00e3o OES  Publica\u00e7\u00f5es   Espa\u00f1ol    Inicio  Condi\u00e7\u00f5es de uso","robots":{"index":"noindex","follow":"nofollow"},"og_locale":"pt_BR","og_type":"article","og_title":"Condi\u00e7\u00f5es de uso - Observat\u00f3rio da escola na Ibero-Am\u00e9rica (OES)","og_description":"Nosotros  Not\u00edcias  Eduforics  Chaves para reflex\u00e3o  Investiga\u00e7\u00e3o OES  Publica\u00e7\u00f5es   Espa\u00f1ol    Inicio  Condi\u00e7\u00f5es de uso","og_url":"https:\/\/oes.fundacion-sm.org\/pt-br\/condicoes-de-uso\/","og_site_name":"Observat\u00f3rio da escola na Ibero-Am\u00e9rica (OES)","article_modified_time":"2024-02-15T06:52:11+00:00","og_image":[{"url":"https:\/\/oes.fundacion-sm.org\/wp-content\/uploads\/sites\/14\/2023\/08\/oes-logo-portugues.svg","type":"","width":"","height":""}],"twitter_card":"summary_large_image","twitter_misc":{"Est. tempo de leitura":"1 minuto"},"schema":{"@context":"https:\/\/schema.org","@graph":[{"@type":"WebPage","@id":"https:\/\/oes.fundacion-sm.org\/pt-br\/condicoes-de-uso\/","url":"https:\/\/oes.fundacion-sm.org\/pt-br\/condicoes-de-uso\/","name":"Condi\u00e7\u00f5es de uso - Observat\u00f3rio da escola na Ibero-Am\u00e9rica (OES)","isPartOf":{"@id":"https:\/\/oes.fundacion-sm.org\/pt-br\/#website"},"primaryImageOfPage":{"@id":"https:\/\/oes.fundacion-sm.org\/pt-br\/condicoes-de-uso\/#primaryimage"},"image":{"@id":"https:\/\/oes.fundacion-sm.org\/pt-br\/condicoes-de-uso\/#primaryimage"},"thumbnailUrl":"https:\/\/oes.fundacion-sm.org\/wp-content\/uploads\/sites\/14\/2023\/08\/oes-logo-portugues.svg","datePublished":"2023-07-05T07:42:05+00:00","dateModified":"2024-02-15T06:52:11+00:00","description":"Nosotros Not\u00edcias Eduforics Chaves para reflex\u00e3o Investiga\u00e7\u00e3o OES Publica\u00e7\u00f5es Espa\u00f1ol Inicio Condi\u00e7\u00f5es de uso","breadcrumb":{"@id":"https:\/\/oes.fundacion-sm.org\/pt-br\/condicoes-de-uso\/#breadcrumb"},"inLanguage":"pt-BR","potentialAction":[{"@type":"ReadAction","target":["https:\/\/oes.fundacion-sm.org\/pt-br\/condicoes-de-uso\/"]}]},{"@type":"ImageObject","inLanguage":"pt-BR","@id":"https:\/\/oes.fundacion-sm.org\/pt-br\/condicoes-de-uso\/#primaryimage","url":"https:\/\/oes.fundacion-sm.org\/wp-content\/uploads\/sites\/14\/2023\/08\/oes-logo-portugues.svg","contentUrl":"https:\/\/oes.fundacion-sm.org\/wp-content\/uploads\/sites\/14\/2023\/08\/oes-logo-portugues.svg"},{"@type":"BreadcrumbList","@id":"https:\/\/oes.fundacion-sm.org\/pt-br\/condicoes-de-uso\/#breadcrumb","itemListElement":[{"@type":"ListItem","position":1,"name":"Inicio","item":"https:\/\/oes.fundacion-sm.org\/pt-br\/"},{"@type":"ListItem","position":2,"name":"Condi\u00e7\u00f5es de uso"}]},{"@type":"WebSite","@id":"https:\/\/oes.fundacion-sm.org\/pt-br\/#website","url":"https:\/\/oes.fundacion-sm.org\/pt-br\/","name":"Observat\u00f3rio da escola na Ibero-Am\u00e9rica (OES)","description":"Funda\u00e7\u00e3o SM","publisher":{"@id":"https:\/\/oes.fundacion-sm.org\/pt-br\/#organization"},"alternateName":"OES","potentialAction":[{"@type":"SearchAction","target":{"@type":"EntryPoint","urlTemplate":"https:\/\/oes.fundacion-sm.org\/pt-br\/?s={search_term_string}"},"query-input":{"@type":"PropertyValueSpecification","valueRequired":true,"valueName":"search_term_string"}}],"inLanguage":"pt-BR"},{"@type":"Organization","@id":"https:\/\/oes.fundacion-sm.org\/pt-br\/#organization","name":"Fundaci\u00f3n SM","url":"https:\/\/oes.fundacion-sm.org\/pt-br\/","logo":{"@type":"ImageObject","inLanguage":"pt-BR","@id":"https:\/\/oes.fundacion-sm.org\/pt-br\/#\/schema\/logo\/image\/","url":"https:\/\/oes.fundacion-sm.org\/wp-content\/uploads\/sites\/14\/2023\/10\/logotipo-fundacion-sm.png","contentUrl":"https:\/\/oes.fundacion-sm.org\/wp-content\/uploads\/sites\/14\/2023\/10\/logotipo-fundacion-sm.png","width":447,"height":85,"caption":"Fundaci\u00f3n SM"},"image":{"@id":"https:\/\/oes.fundacion-sm.org\/pt-br\/#\/schema\/logo\/image\/"}}]}},"_links":{"self":[{"href":"https:\/\/oes.fundacion-sm.org\/pt-br\/wp-json\/wp\/v2\/pages\/7747","targetHints":{"allow":["GET"]}}],"collection":[{"href":"https:\/\/oes.fundacion-sm.org\/pt-br\/wp-json\/wp\/v2\/pages"}],"about":[{"href":"https:\/\/oes.fundacion-sm.org\/pt-br\/wp-json\/wp\/v2\/types\/page"}],"author":[{"embeddable":true,"href":"https:\/\/oes.fundacion-sm.org\/pt-br\/wp-json\/wp\/v2\/users\/1"}],"replies":[{"embeddable":true,"href":"https:\/\/oes.fundacion-sm.org\/pt-br\/wp-json\/wp\/v2\/comments?post=7747"}],"version-history":[{"count":5,"href":"https:\/\/oes.fundacion-sm.org\/pt-br\/wp-json\/wp\/v2\/pages\/7747\/revisions"}],"predecessor-version":[{"id":13788,"href":"https:\/\/oes.fundacion-sm.org\/pt-br\/wp-json\/wp\/v2\/pages\/7747\/revisions\/13788"}],"wp:attachment":[{"href":"https:\/\/oes.fundacion-sm.org\/pt-br\/wp-json\/wp\/v2\/media?parent=7747"}],"curies":[{"name":"wp","href":"https:\/\/api.w.org\/{rel}","templated":true}]}}